{"id":926,"date":"2023-04-10T14:29:31","date_gmt":"2023-04-10T06:29:31","guid":{"rendered":"https:\/\/fsportsnet.com\/?post_type=product&#038;p=926"},"modified":"2023-04-10T14:33:34","modified_gmt":"2023-04-10T06:33:34","slug":"baseball-9-hole-pitching-net-target","status":"publish","type":"product","link":"https:\/\/fsportsnet.com\/pt\/product\/baseball-9-hole-pitching-net-target\/","title":{"rendered":"Alvo de rede de lan\u00e7amento de 9 buracos para basebol"},"content":{"rendered":"<p>110x126cm<br \/>\n1. Tubo de a\u00e7o: \u03a61\u201d x 1.0mm<br \/>\n2. Rede: Rede de poli\u00e9ster de 1,5\u201d de 5 camadas<br \/>\n3. Fibra de vidro: \u03a614mm<br \/>\n4. Acess\u00f3rios: 4 estacas tipo U, 1 manual, um saco<br \/>\n5. Manga: tecido Oxford 420D<br \/>\n6. Material do saco: Tecido Oxford 600D PU<br \/>\n7. Embalagem: 1 conjunto numa caixa de cart\u00e3o<br \/>\n8. Tamanho CTN: 114x14x14cm\/1set<\/p>\n<ul class=\"a-unordered-list a-vertical a-spacing-mini\">\n<li><span class=\"a-list-item\">\u3010Material Premium\u3011Fabricado a partir de material de fibra de poli\u00e9ster de alta qualidade e rec\u00e9m-atualizado, nossa Rede de Arremesso de Beisebol possui excelente elasticidade e pode suportar ataques poderosos. Com uma base robusta e hastes de fibra de vidro, voc\u00ea pode ter certeza de que esta rede de arremesso de 9 buracos \u00e9 constru\u00edda para durar.<\/span><\/li>\n<li><span class=\"a-list-item\">\u3010F\u00e1cil montagem\u3011 Configurar nossa rede de arremesso de beisebol \u00e9 muito f\u00e1cil, levando apenas alguns minutos do seu tempo. Depois de terminar o treinamento, desmontar a rede \u00e9 igualmente f\u00e1cil e voc\u00ea pode armazen\u00e1-la em nossa bolsa de armazenamento gratuita, tornando-a incrivelmente conveniente para armazenamento e transporte<\/span><\/li>\n<li><span class=\"a-list-item\">9 Target Strike Zone\u3011 O design exclusivo de 9 bolsos da rede aumenta sua precis\u00e3o e direcionalidade ao atingir e lan\u00e7ar alvos, permitindo um treinamento ininterrupto para um jogador. Com a nossa rede de pr\u00e1tica de softball de beisebol, voc\u00ea ter\u00e1 o equipamento de coordena\u00e7\u00e3o de treinamento perfeito na ponta dos dedos.<\/span><\/li>\n<li><span class=\"a-list-item\">\u3010Equipamento de treinamento ideal\u3011 Adequado para adolescentes e adultos, seja voc\u00ea um iniciante ou um profissional, nossa rede de arremesso de beisebol \u00e9 perfeita para aprimorar suas habilidades e melhorar sua capacidade de rebatida mais rapidamente.<\/span><\/li>\n<li><span class=\"a-list-item\">\u3010Port\u00e1til e conveniente\u3011 Nossa rede de arremesso de beisebol vem com uma bolsa de armazenamento port\u00e1til gratuita que ocupa um espa\u00e7o m\u00ednimo. Ap\u00f3s uma desmontagem r\u00e1pida e sem esfor\u00e7o, voc\u00ea pode levar a rede de arremesso de 9 buracos para o seu quintal, quadra ou est\u00e1dio para treinamento individual ou em equipe a qualquer hora, em qualquer lugar. \u00c9 o melhor equipamento de treino de basebol.<\/span><\/li>\n<\/ul>","protected":false},"excerpt":{"rendered":"<p id=\"title\" class=\"a-size-large a-spacing-none\"><span id=\"productTitle\" class=\"a-size-large product-title-word-break\">Rede de arremesso de basebol, alvo de arremesso de basebol, monte de arremesso de basebol, rede de arremesso de 9 furos para basebol, rede de arremesso de 9 furos para bater e arremessar com zona de ataque, redes de arremesso para basebol e softbol<\/span><\/p>","protected":false},"featured_media":922,"template":"","meta":{"_gspb_post_css":""},"product_brand":[],"product_cat":[25],"product_tag":[],"class_list":{"0":"post-926","1":"product","2":"type-product","3":"status-publish","4":"has-post-thumbnail","6":"product_cat-baseball-net","8":"first","9":"instock","10":"shipping-taxable","11":"product-type-simple"},"_links":{"self":[{"href":"https:\/\/fsportsnet.com\/pt\/wp-json\/wp\/v2\/product\/926","targetHints":{"allow":["GET"]}}],"collection":[{"href":"https:\/\/fsportsnet.com\/pt\/wp-json\/wp\/v2\/product"}],"about":[{"href":"https:\/\/fsportsnet.com\/pt\/wp-json\/wp\/v2\/types\/product"}],"wp:featuredmedia":[{"embeddable":true,"href":"https:\/\/fsportsnet.com\/pt\/wp-json\/wp\/v2\/media\/922"}],"wp:attachment":[{"href":"https:\/\/fsportsnet.com\/pt\/wp-json\/wp\/v2\/media?parent=926"}],"wp:term":[{"taxonomy":"product_brand","embeddable":true,"href":"https:\/\/fsportsnet.com\/pt\/wp-json\/wp\/v2\/product_brand?post=926"},{"taxonomy":"product_cat","embeddable":true,"href":"https:\/\/fsportsnet.com\/pt\/wp-json\/wp\/v2\/product_cat?post=926"},{"taxonomy":"product_tag","embeddable":true,"href":"https:\/\/fsportsnet.com\/pt\/wp-json\/wp\/v2\/product_tag?post=926"}],"curies":[{"name":"wp","href":"https:\/\/api.w.org\/{rel}","templated":true}]}}