{"id":927,"date":"2023-04-10T14:33:51","date_gmt":"2023-04-10T06:33:51","guid":{"rendered":"https:\/\/fsportsnet.com\/?post_type=product&#038;p=927"},"modified":"2023-04-10T15:17:47","modified_gmt":"2023-04-10T07:17:47","slug":"baseball-and-softball-batting-cage-net-and-frame","status":"publish","type":"product","link":"https:\/\/fsportsnet.com\/pt\/product\/baseball-and-softball-batting-cage-net-and-frame\/","title":{"rendered":"Rede e estrutura para gaiolas de basebol e softbol"},"content":{"rendered":"<p>Gaiola de tacos de basebol<br \/>\n1. Tamanho: 20x10x3m<br \/>\n2. Rede de poli\u00e9ster sem n\u00f3s: 5ply 1.75\u2033<br \/>\n3. Tubo de a\u00e7o: \u03a631.8mm<br \/>\n4. Espessura: 0,8 mm<\/p>\n<ul class=\"a-unordered-list a-vertical a-spacing-mini\">\n<li><span class=\"a-list-item\">Gaiola de batedura perfeita para qualquer tamanho de quintal e usada por jogadores dos 4 aos adultos.<\/span><\/li>\n<li><span class=\"a-list-item\">TUDO EM UM PACOTE - Inclui estacas terrestres para servi\u00e7o pesado, hastes de fibra de vidro de 1\/2 \u2033, rede de nylon forte de 1 \u2033 e arn\u00eas de gaiola de rebatidas embutido para prender qualquer m\u00e1quina de arremesso de esportes de aquecimento.<\/span><\/li>\n<li><span class=\"a-list-item\">AUMENTA O TEMPO DE REA\u00c7\u00c3O - Como a gaiola tem 22 p\u00e9s, uma bola lan\u00e7ada a 50 MPH a 46 p\u00e9s ser\u00e1 simulada como um lan\u00e7amento a 104 MPH. Imagine como ser\u00e1 f\u00e1cil fazer um lan\u00e7amento no jogo depois de usar o Fsports!<\/span><\/li>\n<li><span class=\"a-list-item\">F\u00c1CIL MONTAGEM E DESMONTAGEM - As hastes de fibra de vidro e a rede leve permitem que a Fsports seja a gaiola de batedura mais f\u00e1cil e conveniente do mercado. Montagem e desmontagem em minutos!<\/span><\/li>\n<li><span class=\"a-list-item\">ARMADILHA DE M\u00c1QUINA CONSTRU\u00cdDA PARA A SEGURAN\u00c7A - Uma arn\u00eas de gaiola de batedura incorporado permite que uma m\u00e1quina de lan\u00e7amento fique no exterior juntamente com o operador para maior seguran\u00e7a e comodidade.<\/span><\/li>\n<\/ul>","protected":false},"excerpt":{"rendered":"<p id=\"title\" class=\"a-size-large a-spacing-none\">Gaiola de batedura perfeita para qualquer tamanho de quintal e usada por jogadores dos 4 aos adultos.<\/p>","protected":false},"featured_media":900,"template":"","meta":{"_gspb_post_css":""},"product_brand":[],"product_cat":[25],"product_tag":[],"class_list":{"0":"post-927","1":"product","2":"type-product","3":"status-publish","4":"has-post-thumbnail","6":"product_cat-baseball-net","8":"first","9":"instock","10":"shipping-taxable","11":"product-type-simple"},"_links":{"self":[{"href":"https:\/\/fsportsnet.com\/pt\/wp-json\/wp\/v2\/product\/927","targetHints":{"allow":["GET"]}}],"collection":[{"href":"https:\/\/fsportsnet.com\/pt\/wp-json\/wp\/v2\/product"}],"about":[{"href":"https:\/\/fsportsnet.com\/pt\/wp-json\/wp\/v2\/types\/product"}],"wp:featuredmedia":[{"embeddable":true,"href":"https:\/\/fsportsnet.com\/pt\/wp-json\/wp\/v2\/media\/900"}],"wp:attachment":[{"href":"https:\/\/fsportsnet.com\/pt\/wp-json\/wp\/v2\/media?parent=927"}],"wp:term":[{"taxonomy":"product_brand","embeddable":true,"href":"https:\/\/fsportsnet.com\/pt\/wp-json\/wp\/v2\/product_brand?post=927"},{"taxonomy":"product_cat","embeddable":true,"href":"https:\/\/fsportsnet.com\/pt\/wp-json\/wp\/v2\/product_cat?post=927"},{"taxonomy":"product_tag","embeddable":true,"href":"https:\/\/fsportsnet.com\/pt\/wp-json\/wp\/v2\/product_tag?post=927"}],"curies":[{"name":"wp","href":"https:\/\/api.w.org\/{rel}","templated":true}]}}