{"id":929,"date":"2023-04-10T15:22:15","date_gmt":"2023-04-10T07:22:15","guid":{"rendered":"https:\/\/fsportsnet.com\/?post_type=product&#038;p=929"},"modified":"2023-04-10T15:28:35","modified_gmt":"2023-04-10T07:28:35","slug":"large-ball-caddy-for-baseball-softball","status":"publish","type":"product","link":"https:\/\/fsportsnet.com\/pt\/product\/large-ball-caddy-for-baseball-softball\/","title":{"rendered":"Caddy de bolas grande para basebol \/ softbol"},"content":{"rendered":"<p>1. Rede de poli\u00e9ster sem n\u00f3s: 7 camadas 1.75\u2033<br \/>\n2. Tubo de a\u00e7o: \u03a619mm<br \/>\n3. Espessura: 0,8 mm<br \/>\n4. Encaderna\u00e7\u00e3o em tecido: 210D, 420D<br \/>\n5. G.W 1.53kg; N.W 1.28kg<br \/>\n6. Embalagem: Cada conjunto numa caixa de cart\u00e3o K=K, 107x8x8cm<\/p>\n<ul class=\"a-unordered-list a-vertical a-spacing-mini\">\n<li><span class=\"a-list-item\">Caddy de grande capacidade\u3011 Os caddys de beisebol de grande capacidade podem conter mais de 100 bolas de beisebol ou mais de 50 bolas de softball, com uma capacidade de carga de cerca de 40 libras, uso para pr\u00e1tica e competi\u00e7\u00e3o.<\/span><\/li>\n<li><span class=\"a-list-item\">\ud83e\udd4e\u3010Dobr\u00e1vel e port\u00e1til\u3011O caddy de beisebol pode ser facilmente montado em 2 minutos, dobr\u00e1vel e leve permite que voc\u00ea carregue facilmente o caddy para qualquer local de treinamento.<\/span><\/li>\n<li><span class=\"a-list-item\">Sem dobrar\u3011 O caddy de beisebol para bolas tem 36 polegadas de altura, o que pode salvar suas costas. N\u00e3o h\u00e1 necessidade de se curvar para tirar a bola do balde durante a pr\u00e1tica de longo prazo.<\/span><\/li>\n<li><span class=\"a-list-item\">\ud83e\udd4e\u3010Estrutura est\u00e1vel\u3011A estrutura dupla X torna o caddy de bola mais equilibrado, n\u00e3o \u00e9 f\u00e1cil de cair, e mais est\u00e1vel e dur\u00e1vel. pode ser usado em uma variedade de locais (como gramado, concreto, praia, terreno irregular).<\/span><\/li>\n<li><span class=\"a-list-item\">Equipamento profissional de treinamento de beisebol \/ softball\u3011 Todo iniciante e jogador deve ter um caddy de bola de grande capacidade, que pode ser usado para beisebol \/ softball e outras bolas.<\/span><\/li>\n<\/ul>","protected":false},"excerpt":{"rendered":"<h5 class=\"a-spacing-mini a-color-secondary\">Carater\u00edsticas:<\/h5>\n<p class=\"a-spacing-base\">* Grande capacidade para mais de 100 bolas de basebol ou mais de 50 bolas de softbol.<\/p>\n<p class=\"a-spacing-base\">* Estrutura em X para maior robustez e estabilidade.<\/p>\n<p class=\"a-spacing-base\">* Montagem r\u00e1pida e f\u00e1cil de dobrar para transportar.<\/p>","protected":false},"featured_media":904,"template":"","meta":{"_gspb_post_css":""},"product_brand":[],"product_cat":[25],"product_tag":[],"class_list":{"0":"post-929","1":"product","2":"type-product","3":"status-publish","4":"has-post-thumbnail","6":"product_cat-baseball-net","8":"first","9":"instock","10":"shipping-taxable","11":"product-type-simple"},"_links":{"self":[{"href":"https:\/\/fsportsnet.com\/pt\/wp-json\/wp\/v2\/product\/929","targetHints":{"allow":["GET"]}}],"collection":[{"href":"https:\/\/fsportsnet.com\/pt\/wp-json\/wp\/v2\/product"}],"about":[{"href":"https:\/\/fsportsnet.com\/pt\/wp-json\/wp\/v2\/types\/product"}],"wp:featuredmedia":[{"embeddable":true,"href":"https:\/\/fsportsnet.com\/pt\/wp-json\/wp\/v2\/media\/904"}],"wp:attachment":[{"href":"https:\/\/fsportsnet.com\/pt\/wp-json\/wp\/v2\/media?parent=929"}],"wp:term":[{"taxonomy":"product_brand","embeddable":true,"href":"https:\/\/fsportsnet.com\/pt\/wp-json\/wp\/v2\/product_brand?post=929"},{"taxonomy":"product_cat","embeddable":true,"href":"https:\/\/fsportsnet.com\/pt\/wp-json\/wp\/v2\/product_cat?post=929"},{"taxonomy":"product_tag","embeddable":true,"href":"https:\/\/fsportsnet.com\/pt\/wp-json\/wp\/v2\/product_tag?post=929"}],"curies":[{"name":"wp","href":"https:\/\/api.w.org\/{rel}","templated":true}]}}