{"id":937,"date":"2023-04-10T15:38:54","date_gmt":"2023-04-10T07:38:54","guid":{"rendered":"https:\/\/fsportsnet.com\/?post_type=product&#038;p=937"},"modified":"2023-04-10T15:41:12","modified_gmt":"2023-04-10T07:41:12","slug":"baseball-tee-softball-travel-portable-tee","status":"publish","type":"product","link":"https:\/\/fsportsnet.com\/pt\/product\/baseball-tee-softball-travel-portable-tee\/","title":{"rendered":"T-shirt de basebol T-shirt de viagem port\u00e1til de softbol"},"content":{"rendered":"<p>1. Tamanho: H28\u2033\/71cm<br \/>\n2. Material: Poste de metal, pl\u00e1stico<br \/>\n3. Conte\u00fado: Tee de extens\u00e3o<br \/>\n4. Embalagem: Cada conjunto numa caixa de cart\u00e3o K=K, 10*10*53cm\/1set, G.W 1.2Kg, N.W 1.05kg<\/p>\n<ul class=\"a-unordered-list a-vertical a-spacing-mini\">\n<li><span class=\"a-list-item\">1.\u3010STURDY TRIPOD STAND\u3011 tee de batedura, tee de beisebol, tee de softball, configura\u00e7\u00e3o robusta do trip\u00e9 fornece estabilidade e desmorona para bater ou bater.<\/span><\/li>\n<li><span class=\"a-list-item\">2.\u3010BORRACHA EMBALADA DE ALTA QUALIDADE DUR\u00c1VEL\u3011 Cada camiseta Fsports \u00e9 enrolada \u00e0 m\u00e3o, forte e dur\u00e1vel, que \u00e9 adequada para tipos de bolas, com boa elasticidade, como beisebol, softball, bola de treino e para ter a sensa\u00e7\u00e3o real de bater com design de tamanho especial.<\/span><\/li>\n<li><span class=\"a-list-item\">3. \u3010F\u00c1CIL DE CONFIGURAR\u3011 A altura do tee de batida ajusta facilmente de 27,5 a 48 polegadas pelas m\u00e3os das crian\u00e7as, sem ferramentas! perfeito para jogadores de iniciante a profissional.<\/span><\/li>\n<li><span class=\"a-list-item\">4.\u3010PORT\u00c1TIL PARA LEVAR\u3011 Nova melhoria com saco de transporte, f\u00e1cil de dobrar para o tee e levar por saco. Adequado para interior e exterior.<\/span><\/li>\n<li><span class=\"a-list-item\">5.\u3010ALTO VALOR\u3011Handcrafted nos EUA com material dom\u00e9stico e alguns importados, ter aceito e recomendado por muitos profissionais e iniciantes. Vale a pena ter isso!<\/span><\/li>\n<\/ul>","protected":false},"excerpt":{"rendered":"<h5 class=\"a-spacing-mini a-color-secondary\">Carater\u00edsticas:<\/h5>\n<p class=\"a-spacing-base\">* Grande capacidade para mais de 100 bolas de basebol ou mais de 50 bolas de softbol.<\/p>\n<p class=\"a-spacing-base\">* Estrutura em X para maior robustez e estabilidade.<\/p>\n<p class=\"a-spacing-base\">* Montagem r\u00e1pida e f\u00e1cil de dobrar para transportar.<\/p>","protected":false},"featured_media":908,"template":"","meta":{"_gspb_post_css":""},"product_brand":[],"product_cat":[25],"product_tag":[],"class_list":{"0":"post-937","1":"product","2":"type-product","3":"status-publish","4":"has-post-thumbnail","6":"product_cat-baseball-net","8":"first","9":"instock","10":"shipping-taxable","11":"product-type-simple"},"_links":{"self":[{"href":"https:\/\/fsportsnet.com\/pt\/wp-json\/wp\/v2\/product\/937","targetHints":{"allow":["GET"]}}],"collection":[{"href":"https:\/\/fsportsnet.com\/pt\/wp-json\/wp\/v2\/product"}],"about":[{"href":"https:\/\/fsportsnet.com\/pt\/wp-json\/wp\/v2\/types\/product"}],"wp:featuredmedia":[{"embeddable":true,"href":"https:\/\/fsportsnet.com\/pt\/wp-json\/wp\/v2\/media\/908"}],"wp:attachment":[{"href":"https:\/\/fsportsnet.com\/pt\/wp-json\/wp\/v2\/media?parent=937"}],"wp:term":[{"taxonomy":"product_brand","embeddable":true,"href":"https:\/\/fsportsnet.com\/pt\/wp-json\/wp\/v2\/product_brand?post=937"},{"taxonomy":"product_cat","embeddable":true,"href":"https:\/\/fsportsnet.com\/pt\/wp-json\/wp\/v2\/product_cat?post=937"},{"taxonomy":"product_tag","embeddable":true,"href":"https:\/\/fsportsnet.com\/pt\/wp-json\/wp\/v2\/product_tag?post=937"}],"curies":[{"name":"wp","href":"https:\/\/api.w.org\/{rel}","templated":true}]}}