{"id":942,"date":"2023-04-10T16:49:01","date_gmt":"2023-04-10T08:49:01","guid":{"rendered":"https:\/\/fsportsnet.com\/?post_type=product&#038;p=942"},"modified":"2023-04-10T22:05:43","modified_gmt":"2023-04-10T14:05:43","slug":"golf-net-basics-portable-driving-practice-net","status":"publish","type":"product","link":"https:\/\/fsportsnet.com\/pt\/product\/golf-net-basics-portable-driving-practice-net\/","title":{"rendered":"Rede de pr\u00e1tica de condu\u00e7\u00e3o port\u00e1til Golf Net Basics"},"content":{"rendered":"<ul class=\"a-unordered-list a-vertical a-spacing-mini\">\n<li>REDE DE GOLFE<br \/>\n1. Tamanho: 10 x 7 x 3\u2032<br \/>\n2. Quadro: \u03a61 \u201ddia 1.0mm espessura tubo de metal &amp; revestimento em p\u00f3 preto<br \/>\n3. P\u00f3lo: \u03a614mm fibra de vidro preta s\u00f3lida<br \/>\n4. Rede: Rede sem n\u00f3s de poli\u00e9ster preto de 4 camadas de 1\u2033 com encaderna\u00e7\u00e3o em tecido 420D<br \/>\n5. Saco: tecido oxford 600D<br \/>\n6. Embalagem: Cada conjunto numa caixa de cart\u00e3o K=K, 14,8*14,8*114cm\/1set<br \/>\n7. G.W: 7.76kg; N.W 7.26kg<\/li>\n<li><span class=\"a-list-item\">100% Poli\u00e9ster<\/span><\/li>\n<li><span class=\"a-list-item\">Importado<\/span><\/li>\n<li><span class=\"a-list-item\">A rede de golfe com uma grande \u00e1rea de batida permite a pr\u00e1tica segura de tacadas de golfe; adequada para utiliza\u00e7\u00e3o no interior\/exterior<\/span><\/li>\n<li><span class=\"a-list-item\">A rede de batida dur\u00e1vel apanha as bolas e guarda-as ordenadamente na base para uma recupera\u00e7\u00e3o pr\u00e1tica e que poupa tempo<\/span><\/li>\n<li><span class=\"a-list-item\">Design robusto, mas leve, feito de metal e fibra de vidro; convenientemente port\u00e1til para praticar em qualquer lugar e a qualquer hora<\/span><\/li>\n<li><span class=\"a-list-item\">Montagem\/desmontagem r\u00e1pida e f\u00e1cil; inclui 4 estacas met\u00e1licas e um saco de transporte para guardar ou transportar<\/span><\/li>\n<\/ul>","protected":false},"excerpt":{"rendered":"<p id=\"title\" class=\"a-size-large a-spacing-none\"><span id=\"productTitle\" class=\"a-size-large product-title-word-break\">Pacote de rede de golfe Rede de pr\u00e1tica de golfe de 10\u00d77 p\u00e9s com redes de chipping de golfe, tapete de tacada de golfe e bolas de golfe embaladas em saco de transporte para condu\u00e7\u00e3o no quintal, interior e exterior<\/span><\/p>","protected":false},"featured_media":948,"template":"","meta":{"_gspb_post_css":""},"product_brand":[],"product_cat":[26],"product_tag":[],"class_list":{"0":"post-942","1":"product","2":"type-product","3":"status-publish","4":"has-post-thumbnail","6":"product_cat-golf-net","8":"first","9":"instock","10":"shipping-taxable","11":"product-type-simple"},"_links":{"self":[{"href":"https:\/\/fsportsnet.com\/pt\/wp-json\/wp\/v2\/product\/942","targetHints":{"allow":["GET"]}}],"collection":[{"href":"https:\/\/fsportsnet.com\/pt\/wp-json\/wp\/v2\/product"}],"about":[{"href":"https:\/\/fsportsnet.com\/pt\/wp-json\/wp\/v2\/types\/product"}],"wp:featuredmedia":[{"embeddable":true,"href":"https:\/\/fsportsnet.com\/pt\/wp-json\/wp\/v2\/media\/948"}],"wp:attachment":[{"href":"https:\/\/fsportsnet.com\/pt\/wp-json\/wp\/v2\/media?parent=942"}],"wp:term":[{"taxonomy":"product_brand","embeddable":true,"href":"https:\/\/fsportsnet.com\/pt\/wp-json\/wp\/v2\/product_brand?post=942"},{"taxonomy":"product_cat","embeddable":true,"href":"https:\/\/fsportsnet.com\/pt\/wp-json\/wp\/v2\/product_cat?post=942"},{"taxonomy":"product_tag","embeddable":true,"href":"https:\/\/fsportsnet.com\/pt\/wp-json\/wp\/v2\/product_tag?post=942"}],"curies":[{"name":"wp","href":"https:\/\/api.w.org\/{rel}","templated":true}]}}