{"id":958,"date":"2023-04-10T22:12:10","date_gmt":"2023-04-10T14:12:10","guid":{"rendered":"https:\/\/fsportsnet.com\/?post_type=product&#038;p=958"},"modified":"2023-04-11T14:30:50","modified_gmt":"2023-04-11T06:30:50","slug":"golf-practice-net-10x8-feet-golf-hitting-mat-for-backyard-driving","status":"publish","type":"product","link":"https:\/\/fsportsnet.com\/pt\/product\/golf-practice-net-10x8-feet-golf-hitting-mat-for-backyard-driving\/","title":{"rendered":"Rede de pr\u00e1tica de golfe 10\u00d78 p\u00e9s Tapete de tacada de golfe para condu\u00e7\u00e3o no quintal"},"content":{"rendered":"<ul class=\"a-unordered-list a-vertical a-spacing-mini\">\n<li>REDE DE GOLFE<br \/>\n1. Tamanho: 10 x 8 x 3\u2032<br \/>\n2. Quadro: \u03a61 \u201ddia 1.0mm espessura tubo de metal &amp; revestimento em p\u00f3 preto<br \/>\n3. P\u00f3lo: \u03a614mm fibra de vidro preta s\u00f3lida<br \/>\n4. Rede: Rede sem n\u00f3s de poli\u00e9ster preto de 4 camadas de 1\u2033 com encaderna\u00e7\u00e3o em tecido 420D<br \/>\n5. Saco: tecido oxford 600D<br \/>\n6. Embalagem: Cada conjunto numa caixa de cart\u00e3o K=K, 14,8*14,8*114cm\/1set<\/li>\n<li><span class=\"a-list-item\">Driving Range pessoal: Melhore a sua tacada no interior ou no exterior com esta rede port\u00e1til de tacadas de golfe em casa (tapete n\u00e3o inclu\u00eddo)<\/span><\/li>\n<li><span class=\"a-list-item\">Material dur\u00e1vel: A rede resistente \u00e9 feita de rede refor\u00e7ada de 4 camadas sem n\u00f3s e os postes de suporte de fibra de vidro s\u00f3lida com design de estrutura tipo arco proporcionam maior estabilidade<\/span><\/li>\n<li><span class=\"a-list-item\">Montagem r\u00e1pida e f\u00e1cil: Monte o seu driving range em apenas alguns minutos! Pode desfrutar da divers\u00e3o do swing de golfe em casa, no quintal, num parque, numa garagem, na cave, junto \u00e0 piscina ou com qualquer taco<\/span><\/li>\n<li><span class=\"a-list-item\">Port\u00e1til e dobr\u00e1vel: O equipamento de treino de golfe \u00e9 fornecido com um saco de transporte, que lhe permite embalar e transportar facilmente para qualquer lugar<\/span><\/li>\n<\/ul>","protected":false},"excerpt":{"rendered":"<p id=\"title\" class=\"a-size-large a-spacing-none\"><span id=\"productTitle\" class=\"a-size-large product-title-word-break\">Pacote de rede de golfe Rede de pr\u00e1tica de golfe 10x8 p\u00e9s com redes de chipping de golfe Tapete de tacada de golfe e bolas de golfe embaladas em saco de transporte para condu\u00e7\u00e3o no quintal Interior Exterior<\/span><\/p>","protected":false},"featured_media":959,"template":"","meta":{"_gspb_post_css":""},"product_brand":[],"product_cat":[26],"product_tag":[],"class_list":{"0":"post-958","1":"product","2":"type-product","3":"status-publish","4":"has-post-thumbnail","6":"product_cat-golf-net","8":"first","9":"instock","10":"shipping-taxable","11":"product-type-simple"},"_links":{"self":[{"href":"https:\/\/fsportsnet.com\/pt\/wp-json\/wp\/v2\/product\/958","targetHints":{"allow":["GET"]}}],"collection":[{"href":"https:\/\/fsportsnet.com\/pt\/wp-json\/wp\/v2\/product"}],"about":[{"href":"https:\/\/fsportsnet.com\/pt\/wp-json\/wp\/v2\/types\/product"}],"wp:featuredmedia":[{"embeddable":true,"href":"https:\/\/fsportsnet.com\/pt\/wp-json\/wp\/v2\/media\/959"}],"wp:attachment":[{"href":"https:\/\/fsportsnet.com\/pt\/wp-json\/wp\/v2\/media?parent=958"}],"wp:term":[{"taxonomy":"product_brand","embeddable":true,"href":"https:\/\/fsportsnet.com\/pt\/wp-json\/wp\/v2\/product_brand?post=958"},{"taxonomy":"product_cat","embeddable":true,"href":"https:\/\/fsportsnet.com\/pt\/wp-json\/wp\/v2\/product_cat?post=958"},{"taxonomy":"product_tag","embeddable":true,"href":"https:\/\/fsportsnet.com\/pt\/wp-json\/wp\/v2\/product_tag?post=958"}],"curies":[{"name":"wp","href":"https:\/\/api.w.org\/{rel}","templated":true}]}}