{"id":967,"date":"2023-04-14T11:24:16","date_gmt":"2023-04-14T03:24:16","guid":{"rendered":"https:\/\/fsportsnet.com\/?post_type=product&#038;p=967"},"modified":"2023-04-15T11:41:37","modified_gmt":"2023-04-15T03:41:37","slug":"golf-net-shank-net-attachment-for-golf-hitting-nets","status":"publish","type":"product","link":"https:\/\/fsportsnet.com\/pt\/product\/golf-net-shank-net-attachment-for-golf-hitting-nets\/","title":{"rendered":"GOLF NET Shank Net Attachment para redes de bater golfe"},"content":{"rendered":"<ul>\n<li>GOLF NET Shank Net Attachment para redes de bater golfe<\/li>\n<li>REDE SHANK: Fixa-se \u00e0s redes de tacadas de golfe 10\u00d77 e 7\u00d77 para fornecer uma rede secund\u00e1ria que ajuda a apanhar as tacadas laterais erradas (o temido \"shank\" ou \"hosel rocket\")<\/li>\n<li>ESQUERDA OU DIREITA: Prende-se a qualquer um dos lados da rede de golfe para funcionar com golfistas esquerdinos ou destros. \u00c9 necess\u00e1rio adquirir 2 redes se necessitar de prote\u00e7\u00e3o em ambos os lados ao mesmo tempo.<\/li>\n<li>UTILIZA\u00c7\u00c3O NO INTERIOR OU NO EXTERIOR: O saco de areia com peso (areia n\u00e3o inclu\u00edda) permite a utiliza\u00e7\u00e3o no interior ou no exterior em qualquer superf\u00edcie.<\/li>\n<li>REDE DE ENCAIXE F\u00c1CIL: \u00c9 montada em segundos, sem necessidade de ferramentas<\/li>\n<\/ul>","protected":false},"excerpt":{"rendered":"<p id=\"title\" class=\"a-size-large a-spacing-none\"><span id=\"productTitle\" class=\"a-size-large product-title-word-break\">Pacote de rede de golfe Rede de pr\u00e1tica de golfe 10x8 p\u00e9s com redes de chipping de golfe Tapete de tacada de golfe e bolas de golfe embaladas em saco de transporte para condu\u00e7\u00e3o no quintal Interior Exterior<\/span><\/p>","protected":false},"featured_media":1003,"template":"","meta":{"_gspb_post_css":""},"product_brand":[],"product_cat":[26],"product_tag":[],"class_list":{"0":"post-967","1":"product","2":"type-product","3":"status-publish","4":"has-post-thumbnail","6":"product_cat-golf-net","8":"first","9":"instock","10":"shipping-taxable","11":"product-type-simple"},"_links":{"self":[{"href":"https:\/\/fsportsnet.com\/pt\/wp-json\/wp\/v2\/product\/967","targetHints":{"allow":["GET"]}}],"collection":[{"href":"https:\/\/fsportsnet.com\/pt\/wp-json\/wp\/v2\/product"}],"about":[{"href":"https:\/\/fsportsnet.com\/pt\/wp-json\/wp\/v2\/types\/product"}],"wp:featuredmedia":[{"embeddable":true,"href":"https:\/\/fsportsnet.com\/pt\/wp-json\/wp\/v2\/media\/1003"}],"wp:attachment":[{"href":"https:\/\/fsportsnet.com\/pt\/wp-json\/wp\/v2\/media?parent=967"}],"wp:term":[{"taxonomy":"product_brand","embeddable":true,"href":"https:\/\/fsportsnet.com\/pt\/wp-json\/wp\/v2\/product_brand?post=967"},{"taxonomy":"product_cat","embeddable":true,"href":"https:\/\/fsportsnet.com\/pt\/wp-json\/wp\/v2\/product_cat?post=967"},{"taxonomy":"product_tag","embeddable":true,"href":"https:\/\/fsportsnet.com\/pt\/wp-json\/wp\/v2\/product_tag?post=967"}],"curies":[{"name":"wp","href":"https:\/\/api.w.org\/{rel}","templated":true}]}}