{"id":968,"date":"2023-04-14T16:19:43","date_gmt":"2023-04-14T08:19:43","guid":{"rendered":"https:\/\/fsportsnet.com\/?post_type=product&#038;p=968"},"modified":"2023-04-15T11:31:56","modified_gmt":"2023-04-15T03:31:56","slug":"golf-practice-hitting-net-choose-between-huge-10x7-or-7x7-nets","status":"publish","type":"product","link":"https:\/\/fsportsnet.com\/pt\/product\/golf-practice-hitting-net-choose-between-huge-10x7-or-7x7-nets\/","title":{"rendered":"Rede de acerto para pr\u00e1tica de golfe Escolha entre redes enormes de 10\u2019x7 \u2032 ou 7\u2019x7 \u2032"},"content":{"rendered":"<ul class=\"a-unordered-list a-vertical a-spacing-mini\">\n<li>REDE DE GOLFE<br \/>\n10 p\u00e9s x 7 p\u00e9s PRO NET: A melhor rede para satisfazer todas as suas necessidades de treino e muito mais; Peg\u00e1mos na nossa rede de golfe #1 de 10 p\u00e9s x 7 p\u00e9s e aument\u00e1mo-la com uma rede 2x mais forte para os golfistas que querem a rede de n\u00edvel mais elevado<br \/>\nBOLSA HEX: A bolsa de forma hexagonal distinta foi concebida para se destacar da multid\u00e3o e recolher ordenadamente as bolas de golfe durante a pr\u00e1tica; perfeita para jogadores de golfe de todos os n\u00edveis para praticar em casa<br \/>\nMONTAGEM R\u00c1PIDA: Estrutura tipo arco inclu\u00edda, monta-se em 90 segundos para um tamanho enorme de 10 p\u00e9sx7 p\u00e9s com estacas met\u00e1licas para fixar a rede (opcional), tornando-a incrivelmente robusta e est\u00e1vel; desmonta-se facilmente para ser transportada num saco de transporte<br \/>\nCONSTRU\u00cdDO PARA DURAR: A rede \u00e9 2x mais forte do que as redes de golfe l\u00edderes para uma durabilidade m\u00e1xima<\/li>\n<\/ul>","protected":false},"excerpt":{"rendered":"<p id=\"title\" class=\"a-size-large a-spacing-none\"><span id=\"productTitle\" class=\"a-size-large product-title-word-break\">Pacote de rede de golfe Rede de pr\u00e1tica de golfe Campo de treino pessoal para utiliza\u00e7\u00e3o interior ou exterior para golfistas<\/span><\/p>","protected":false},"featured_media":961,"template":"","meta":{"_gspb_post_css":""},"product_brand":[],"product_cat":[26],"product_tag":[],"class_list":{"0":"post-968","1":"product","2":"type-product","3":"status-publish","4":"has-post-thumbnail","6":"product_cat-golf-net","8":"first","9":"instock","10":"shipping-taxable","11":"product-type-simple"},"_links":{"self":[{"href":"https:\/\/fsportsnet.com\/pt\/wp-json\/wp\/v2\/product\/968","targetHints":{"allow":["GET"]}}],"collection":[{"href":"https:\/\/fsportsnet.com\/pt\/wp-json\/wp\/v2\/product"}],"about":[{"href":"https:\/\/fsportsnet.com\/pt\/wp-json\/wp\/v2\/types\/product"}],"wp:featuredmedia":[{"embeddable":true,"href":"https:\/\/fsportsnet.com\/pt\/wp-json\/wp\/v2\/media\/961"}],"wp:attachment":[{"href":"https:\/\/fsportsnet.com\/pt\/wp-json\/wp\/v2\/media?parent=968"}],"wp:term":[{"taxonomy":"product_brand","embeddable":true,"href":"https:\/\/fsportsnet.com\/pt\/wp-json\/wp\/v2\/product_brand?post=968"},{"taxonomy":"product_cat","embeddable":true,"href":"https:\/\/fsportsnet.com\/pt\/wp-json\/wp\/v2\/product_cat?post=968"},{"taxonomy":"product_tag","embeddable":true,"href":"https:\/\/fsportsnet.com\/pt\/wp-json\/wp\/v2\/product_tag?post=968"}],"curies":[{"name":"wp","href":"https:\/\/api.w.org\/{rel}","templated":true}]}}